{"id":18,"date":"2018-08-16T17:35:47","date_gmt":"2018-08-16T17:35:47","guid":{"rendered":"http:\/\/ezahalkova-vyuka-anglictiny.cz\/?page_id=18"},"modified":"2024-06-06T11:15:48","modified_gmt":"2024-06-06T11:15:48","slug":"home","status":"publish","type":"page","link":"https:\/\/ezahalkova-vyuka-anglictiny.cz\/","title":{"rendered":"Individu\u00e1ln\u00ed v\u00fduka angli\u010dtiny Praha"},"content":{"rendered":"<h3><img decoding=\"async\" loading=\"lazy\" class=\"alignnone wp-image-276 size-full\" src=\"http:\/\/ezahalkova-vyuka-anglictiny.cz\/wp-content\/uploads\/2024\/06\/SniI_mek_obrazovky_2024-06-04_vA-17.01.38-transformed.png\" alt=\"\" width=\"990\" height=\"1208\" srcset=\"https:\/\/ezahalkova-vyuka-anglictiny.cz\/wp-content\/uploads\/2024\/06\/SniI_mek_obrazovky_2024-06-04_vA-17.01.38-transformed.png 990w, https:\/\/ezahalkova-vyuka-anglictiny.cz\/wp-content\/uploads\/2024\/06\/SniI_mek_obrazovky_2024-06-04_vA-17.01.38-transformed-246x300.png 246w, https:\/\/ezahalkova-vyuka-anglictiny.cz\/wp-content\/uploads\/2024\/06\/SniI_mek_obrazovky_2024-06-04_vA-17.01.38-transformed-839x1024.png 839w, https:\/\/ezahalkova-vyuka-anglictiny.cz\/wp-content\/uploads\/2024\/06\/SniI_mek_obrazovky_2024-06-04_vA-17.01.38-transformed-768x937.png 768w\" sizes=\"(max-width: 990px) 100vw, 990px\" \/><\/h3>\n<h3>Eva Zah\u00e1lkov\u00e1 &#8211;\u00a0lektorka anglick\u00e9ho jazyka<\/h3>\n<p><img decoding=\"async\" loading=\"lazy\" class=\"alignnone wp-image-274 size-full\" src=\"http:\/\/ezahalkova-vyuka-anglictiny.cz\/wp-content\/uploads\/2024\/06\/SniI_mek_obrazovky_2024-06-04_vA-10.41.34-transformed.png\" alt=\"\" width=\"1496\" height=\"996\" srcset=\"https:\/\/ezahalkova-vyuka-anglictiny.cz\/wp-content\/uploads\/2024\/06\/SniI_mek_obrazovky_2024-06-04_vA-10.41.34-transformed.png 1496w, https:\/\/ezahalkova-vyuka-anglictiny.cz\/wp-content\/uploads\/2024\/06\/SniI_mek_obrazovky_2024-06-04_vA-10.41.34-transformed-300x200.png 300w, https:\/\/ezahalkova-vyuka-anglictiny.cz\/wp-content\/uploads\/2024\/06\/SniI_mek_obrazovky_2024-06-04_vA-10.41.34-transformed-1024x682.png 1024w, https:\/\/ezahalkova-vyuka-anglictiny.cz\/wp-content\/uploads\/2024\/06\/SniI_mek_obrazovky_2024-06-04_vA-10.41.34-transformed-768x511.png 768w\" sizes=\"(max-width: 1496px) 100vw, 1496px\" \/><\/p>\n<p>V\u00fduce anglick\u00e9ho jazyka se v\u011bnuji ji\u017e 22 let. Vyu\u010dovala jsem obecnou i obchodn\u00ed angli\u010dtinu a to jak v jazykov\u00fdch kurzech v jazykov\u00fdch \u0161kol\u00e1ch, tak i individu\u00e1ln\u011b. V sou\u010dasn\u00e9 dob\u011b se v\u011bnuji pouze individu\u00e1ln\u00ed v\u00fduce, jeliko\u017e je nejefektivn\u011bj\u0161\u00ed a nejrychlej\u0161\u00ed metodou, jak dos\u00e1hnout k\u00fd\u017een\u00fdch v\u00fdsledk\u016f.<\/p>\n<h4>O mn\u011b a v\u00fduce:<\/h4>\n<p><img decoding=\"async\" loading=\"lazy\" class=\"alignnone size-full wp-image-265\" src=\"http:\/\/ezahalkova-vyuka-anglictiny.cz\/wp-content\/uploads\/2024\/06\/DeWatermark.ai_1717442776022.png\" alt=\"\" width=\"1000\" height=\"667\" srcset=\"https:\/\/ezahalkova-vyuka-anglictiny.cz\/wp-content\/uploads\/2024\/06\/DeWatermark.ai_1717442776022.png 1000w, https:\/\/ezahalkova-vyuka-anglictiny.cz\/wp-content\/uploads\/2024\/06\/DeWatermark.ai_1717442776022-300x200.png 300w, https:\/\/ezahalkova-vyuka-anglictiny.cz\/wp-content\/uploads\/2024\/06\/DeWatermark.ai_1717442776022-768x512.png 768w\" sizes=\"(max-width: 1000px) 100vw, 1000px\" \/><\/p>\n<ul>\n<li>22 let\u00e1 praxe &#8211; dlouholet\u00e9 zku\u0161enosti<\/li>\n<li>vysoko\u0161kolsk\u00e9 vzd\u011bl\u00e1n\u00ed &#8211; fakulta pedagogick\u00e1, v\u010detn\u011b zam\u011b\u0159en\u00ed v oboru speci\u00e1ln\u00ed pedagogika<\/li>\n<li>v\u00fduka je m\u00fdm zam\u011bstn\u00e1n\u00edm na pln\u00fd \u00favazek<\/li>\n<li>anglick\u00fd jazyk jsem studovala v Anglii &#8211; v Oxfordu a USA<\/li>\n<li>mohu tedy p\u0159ed\u00e1vat zku\u0161enosti s efektivn\u00ed v\u00fdukou a sv\u00e9 znalosti z autentick\u00e9ho prost\u0159ed\u00ed<\/li>\n<li>ke ka\u017ed\u00e9mu \u017e\u00e1kovi p\u0159istupuji individu\u00e1ln\u011b podle pot\u0159eb, c\u00edl\u016f, \u010dasov\u00fdch mo\u017enost\u00ed<\/li>\n<li>pravideln\u011b se \u00fa\u010dastn\u00edm mezin\u00e1rodn\u00edch konferenc\u00ed a \u0161kolen\u00ed pro u\u010ditele<\/li>\n<li>vlastn\u00edm certifikaci A2 Key (KET), B1 Preliminary (PET), B2 First (FCE), C1 Advanced (CAE) + p\u0159\u00edpravn\u00e9 kurzy k v\u00fduce k t\u011bmto zkou\u0161k\u00e1m, pedagogick\u00e9 minimum (\u010cR), TKT = mezin\u00e1rodn\u00ed kvalifikaci k v\u00fduce<\/li>\n<\/ul>\n<h4>Co nab\u00edz\u00edm<\/h4>\n<p><img decoding=\"async\" loading=\"lazy\" class=\"alignnone wp-image-273 size-full\" src=\"http:\/\/ezahalkova-vyuka-anglictiny.cz\/wp-content\/uploads\/2024\/06\/SniI_mek_obrazovky_2024-06-04_vA-10.38.21-eWmRHeAuI-transformed.png\" alt=\"\" width=\"1490\" height=\"892\" srcset=\"https:\/\/ezahalkova-vyuka-anglictiny.cz\/wp-content\/uploads\/2024\/06\/SniI_mek_obrazovky_2024-06-04_vA-10.38.21-eWmRHeAuI-transformed.png 1490w, https:\/\/ezahalkova-vyuka-anglictiny.cz\/wp-content\/uploads\/2024\/06\/SniI_mek_obrazovky_2024-06-04_vA-10.38.21-eWmRHeAuI-transformed-300x180.png 300w, https:\/\/ezahalkova-vyuka-anglictiny.cz\/wp-content\/uploads\/2024\/06\/SniI_mek_obrazovky_2024-06-04_vA-10.38.21-eWmRHeAuI-transformed-1024x613.png 1024w, https:\/\/ezahalkova-vyuka-anglictiny.cz\/wp-content\/uploads\/2024\/06\/SniI_mek_obrazovky_2024-06-04_vA-10.38.21-eWmRHeAuI-transformed-768x460.png 768w\" sizes=\"(max-width: 1490px) 100vw, 1490px\" \/><\/p>\n<ul>\n<li>Individu\u00e1ln\u00ed v\u00fduku anglick\u00e9ho jazyka pro v\u0161echny v\u011bkov\u00e9 skupiny &#8211; dosp\u011bl\u00e9 i d\u011bti a \u00farovn\u011b: za\u010d\u00e1te\u010dn\u00edci, m\u00edrn\u011b proko\u010dil\u00ed, pokro\u010dil\u00ed<\/li>\n<li>v\u00fduku General (obecn\u00e9) i Business (obchodn\u00ed) angli\u010dtiny<\/li>\n<li>p\u0159\u00edpravu na maturitu z anglick\u00e9ho jazyka<\/li>\n<li>p\u0159\u00edpravu na britsk\u00e9 (Cambridge) zkou\u0161ky: A2 Key (KET), B1 Preliminary (PET), B2 First (FCE), C1 Advanced (CAE)<\/li>\n<li>p\u0159\u00edpravu na britsk\u00e9 zkou\u0161ky pro d\u011bti: Starters, Movers, Flyers<\/li>\n<li>p\u0159\u00edpravu na vojensk\u00e9 zkou\u0161ky Stanag<\/li>\n<li>konzultace pro studenty S\u0160, V\u0160, u\u010ditele<\/li>\n<li>dou\u010dov\u00e1n\u00ed anglick\u00e9ho jazyka<\/li>\n<li>p\u0159\u00edpravu na repar\u00e1ty<\/li>\n<li>hodiny konverzace<\/li>\n<li>online v\u00fduku anglick\u00e9ho jazyka ( p\u0159es telefon, WA)<\/li>\n<li>v\u00fduku anglick\u00e9ho jazyka ve dvojici ( pokud chcete studovat s kamar\u00e1dem, spolu\u017e\u00e1kem, kolegou)<\/li>\n<li>letn\u00ed intenzivn\u00ed kurzy \/ v\u00fduku anglick\u00e9ho jazyka<\/li>\n<li>firemn\u00ed v\u00fduku online<\/li>\n<li>poradenstv\u00ed ohledn\u011b studia v zahrani\u010d\u00ed<\/li>\n<li>poradenstv\u00ed v oblasti vzd\u011bl\u00e1v\u00e1n\u00ed<\/li>\n<li>p\u0159\u00edpravu na pracovn\u00ed pohovor v anglick\u00e9m jazyce<\/li>\n<\/ul>\n<h4>Osobn\u00ed a profesion\u00e1ln\u00ed p\u0159\u00edstup<\/h4>\n<p><img decoding=\"async\" loading=\"lazy\" class=\"alignnone wp-image-269 size-full\" src=\"http:\/\/ezahalkova-vyuka-anglictiny.cz\/wp-content\/uploads\/2024\/06\/DeWatermark.ai_1717489891929-transformed.png\" alt=\"\" width=\"1280\" height=\"853\" srcset=\"https:\/\/ezahalkova-vyuka-anglictiny.cz\/wp-content\/uploads\/2024\/06\/DeWatermark.ai_1717489891929-transformed.png 1280w, https:\/\/ezahalkova-vyuka-anglictiny.cz\/wp-content\/uploads\/2024\/06\/DeWatermark.ai_1717489891929-transformed-300x200.png 300w, https:\/\/ezahalkova-vyuka-anglictiny.cz\/wp-content\/uploads\/2024\/06\/DeWatermark.ai_1717489891929-transformed-1024x682.png 1024w, https:\/\/ezahalkova-vyuka-anglictiny.cz\/wp-content\/uploads\/2024\/06\/DeWatermark.ai_1717489891929-transformed-768x512.png 768w\" sizes=\"(max-width: 1280px) 100vw, 1280px\" \/><\/p>\n<ul>\n<li>ke ka\u017ed\u00e9mu studentovi p\u0159istupuji individu\u00e1ln\u011b na z\u00e1klad\u011b jeho po\u017eadavk\u016f, c\u00edl\u016f, tempa, \u010dasov\u00fdch mo\u017enost\u00ed<\/li>\n<li>pro z\u00e1jemce kombinovan\u00fdch hodin &#8211; spolupr\u00e1ce s rodil\u00fdm mluv\u010d\u00edm<\/li>\n<li>v\u00fduka prob\u00edh\u00e1 v p\u0159\u00edjemn\u00e9 atmosf\u00e9\u0159e<\/li>\n<li>m\u00fdm hlavn\u00edm c\u00edlem je, aby student\u016fm p\u0159in\u00e1\u0161elo studium radost a v\u00fdsledky<\/li>\n<\/ul>\n<h4>Pro\u010d zvolit v\u00fduku pr\u00e1v\u011b u m\u011b<\/h4>\n<p><img decoding=\"async\" loading=\"lazy\" class=\"alignnone wp-image-272 size-full\" src=\"http:\/\/ezahalkova-vyuka-anglictiny.cz\/wp-content\/uploads\/2024\/06\/SniI_mek_obrazovky_2024-06-04_vA-10.34.42-transformed.png\" alt=\"\" width=\"1497\" height=\"799\" srcset=\"https:\/\/ezahalkova-vyuka-anglictiny.cz\/wp-content\/uploads\/2024\/06\/SniI_mek_obrazovky_2024-06-04_vA-10.34.42-transformed.png 1497w, https:\/\/ezahalkova-vyuka-anglictiny.cz\/wp-content\/uploads\/2024\/06\/SniI_mek_obrazovky_2024-06-04_vA-10.34.42-transformed-300x160.png 300w, https:\/\/ezahalkova-vyuka-anglictiny.cz\/wp-content\/uploads\/2024\/06\/SniI_mek_obrazovky_2024-06-04_vA-10.34.42-transformed-1024x547.png 1024w, https:\/\/ezahalkova-vyuka-anglictiny.cz\/wp-content\/uploads\/2024\/06\/SniI_mek_obrazovky_2024-06-04_vA-10.34.42-transformed-768x410.png 768w\" sizes=\"(max-width: 1497px) 100vw, 1497px\" \/><\/p>\n<ul>\n<li>22 let\u00e1 praxe v oboru<\/li>\n<li>studium v zahrani\u010d\u00ed v oboru<\/li>\n<li>vzd\u011bl\u00e1n\u00ed vysoko\u0161kolsk\u00e9 v oboru<\/li>\n<li>systemati\u010dnost, organizace, p\u0159ipravenost<\/li>\n<li>flexibilita v term\u00ednech<\/li>\n<li>flexibilita intenzity v\u00fduky &#8211; pokud student pot\u0159ebuje nav\u00edc hodinu\/-y v\u00fduky pro zopakov\u00e1n\u00ed u\u010diva p\u0159ed testem, zkou\u0161kou, probr\u00e1n\u00ed\/dovysv\u011btlen\u00ed u\u010diva ze \u0161koly, nav\u00fd\u0161en\u00ed po\u010dtu hodin p\u0159ed testem, zkou\u0161kou, pomoc, konzultaci s projekty, prezentac\u00ed, pohovorem, v\u017edy vyjdu vst\u0159\u00edct, i v pozdn\u00edch ve\u010dern\u00edch hodin\u00e1ch nebo i o v\u00edkendu<\/li>\n<li>dosa\u017een\u00ed v\u00fdborn\u00fdch v\u00fdsledk\u016f student\u016f &#8211; na z\u00e1klad\u011b m\u00fdch zku\u0161enost\u00ed a pod m\u00fdm veden\u00edm dosahuj\u00ed studenti v\u00fdborn\u00fdch v\u00fdsledk\u016f:\n<ul>\n<li>ve \u0161koln\u00edm prost\u0159ed\u00ed &#8211; u zkou\u0161ek, test\u016f, projekt\u016f, prezentac\u00ed, v\u010detn\u011b zlep\u0161en\u00ed prosp\u011bchu ve \u0161kole, otev\u0159en\u00ed mo\u017enost\u00ed studovat v zahrani\u010d\u00ed<\/li>\n<li>v pracovn\u00edm prost\u0159ed\u00ed &#8211; \u00fasp\u011b\u0161n\u00e9 zvl\u00e1dnut\u00ed pracovn\u00edho pohovoru v angli\u010dtin\u011b, kari\u00e9rn\u00ed postup, umo\u017en\u011bn\u00ed pracovat pro zahrani\u010dn\u00ed firmy<\/li>\n<\/ul>\n<\/li>\n<li>dle preferenc\u00ed studenta mo\u017enost v\u00fdb\u011bru formy v\u00fduky &#8211; prezen\u010dn\u00ed nebo online<\/li>\n<li>online v\u00fduka za mimo\u0159\u00e1dn\u00e9 situace &#8211; pokud se student nem\u016f\u017ee na hodinu dostavit (zdravotn\u00ed indispozice, dopravn\u00ed kolaps) je mo\u017en\u00e9, aby v\u00fduka prob\u011bhla online po telefonu a student tak o hodinu nep\u0159isel<\/li>\n<li>zku\u0161enost s v\u00fdukou d\u011bt\u00ed se SPU ( specifick\u00e9 poruchy u\u010den\u00ed)<\/li>\n<li>poradenstv\u00ed ohledn\u011b studia v zahrani\u010d\u00ed a oblasti vzd\u011bl\u00e1v\u00e1n\u00ed<\/li>\n<li>um\u00edst\u011bn\u00ed v \u017eeb\u0159\u00ed\u010dku 3. M\u00edsto kurzy anglick\u00e9ho jazyka v \u010cesku<\/li>\n<\/ul>\n<h4>Informativn\u00ed sch\u016fzka<\/h4>\n<p><img decoding=\"async\" loading=\"lazy\" class=\"alignnone size-full wp-image-262\" src=\"http:\/\/ezahalkova-vyuka-anglictiny.cz\/wp-content\/uploads\/2024\/06\/DeWatermark.ai_1717393541568.png\" alt=\"\" width=\"1000\" height=\"452\" srcset=\"https:\/\/ezahalkova-vyuka-anglictiny.cz\/wp-content\/uploads\/2024\/06\/DeWatermark.ai_1717393541568.png 1000w, https:\/\/ezahalkova-vyuka-anglictiny.cz\/wp-content\/uploads\/2024\/06\/DeWatermark.ai_1717393541568-300x136.png 300w, https:\/\/ezahalkova-vyuka-anglictiny.cz\/wp-content\/uploads\/2024\/06\/DeWatermark.ai_1717393541568-768x347.png 768w\" sizes=\"(max-width: 1000px) 100vw, 1000px\" \/><\/p>\n<ul>\n<li>doporu\u010duji p\u0159ed zah\u00e1jen\u00edm v\u00fduky, kde se student sezn\u00e1m\u00ed s lektorem, prost\u0159ed\u00edm a sd\u011bl\u00edme si, co od v\u00fduky o\u010dek\u00e1v\u00e1 a jak\u00e9 jsou jeho c\u00edle.<\/li>\n<\/ul>\n<h4>Kontakt<\/h4>\n<p><img decoding=\"async\" loading=\"lazy\" class=\"alignnone size-full wp-image-253\" src=\"http:\/\/ezahalkova-vyuka-anglictiny.cz\/wp-content\/uploads\/2024\/06\/DeWatermark.ai_1717392568085.png\" alt=\"\" width=\"1280\" height=\"852\" srcset=\"https:\/\/ezahalkova-vyuka-anglictiny.cz\/wp-content\/uploads\/2024\/06\/DeWatermark.ai_1717392568085.png 1280w, https:\/\/ezahalkova-vyuka-anglictiny.cz\/wp-content\/uploads\/2024\/06\/DeWatermark.ai_1717392568085-300x200.png 300w, https:\/\/ezahalkova-vyuka-anglictiny.cz\/wp-content\/uploads\/2024\/06\/DeWatermark.ai_1717392568085-1024x682.png 1024w, https:\/\/ezahalkova-vyuka-anglictiny.cz\/wp-content\/uploads\/2024\/06\/DeWatermark.ai_1717392568085-768x511.png 768w\" sizes=\"(max-width: 1280px) 100vw, 1280px\" \/><\/p>\n<p>E-mail: <strong><a href=\"mailto:ezahalkova@seznam.cz\" target=\"_blank\" rel=\"noopener\">ezahalkova@seznam.cz<\/a><\/strong><\/p>\n<p>Telefon: <a href=\"tel:775961505\"><strong>+420 775 961 505<\/strong><\/a><\/p>\n","protected":false},"excerpt":{"rendered":"<p>Eva Zah\u00e1lkov\u00e1 &#8211;\u00a0lektorka anglick\u00e9ho jazyka V\u00fduce anglick\u00e9ho jazyka se v\u011bnuji ji\u017e 22 let. Vyu\u010dovala jsem obecnou i obchodn\u00ed angli\u010dtinu a to jak v jazykov\u00fdch kurzech v jazykov\u00fdch \u0161kol\u00e1ch, tak i individu\u00e1ln\u011b. V sou\u010dasn\u00e9 dob\u011b se v\u011bnuji pouze individu\u00e1ln\u00ed v\u00fduce, jeliko\u017e je nejefektivn\u011bj\u0161\u00ed a nejrychlej\u0161\u00ed metodou, jak dos\u00e1hnout k\u00fd\u017een\u00fdch v\u00fdsledk\u016f. O mn\u011b a v\u00fduce: 22 let\u00e1 &hellip; <a href=\"https:\/\/ezahalkova-vyuka-anglictiny.cz\/\" class=\"more-link\">Continue reading <span class=\"screen-reader-text\">Individu\u00e1ln\u00ed v\u00fduka angli\u010dtiny Praha<\/span><\/a><\/p>\n","protected":false},"author":1,"featured_media":0,"parent":0,"menu_order":0,"comment_status":"closed","ping_status":"closed","template":"","meta":[],"_links":{"self":[{"href":"https:\/\/ezahalkova-vyuka-anglictiny.cz\/index.php?rest_route=\/wp\/v2\/pages\/18"}],"collection":[{"href":"https:\/\/ezahalkova-vyuka-anglictiny.cz\/index.php?rest_route=\/wp\/v2\/pages"}],"about":[{"href":"https:\/\/ezahalkova-vyuka-anglictiny.cz\/index.php?rest_route=\/wp\/v2\/types\/page"}],"author":[{"embeddable":true,"href":"https:\/\/ezahalkova-vyuka-anglictiny.cz\/index.php?rest_route=\/wp\/v2\/users\/1"}],"replies":[{"embeddable":true,"href":"https:\/\/ezahalkova-vyuka-anglictiny.cz\/index.php?rest_route=%2Fwp%2Fv2%2Fcomments&post=18"}],"version-history":[{"count":42,"href":"https:\/\/ezahalkova-vyuka-anglictiny.cz\/index.php?rest_route=\/wp\/v2\/pages\/18\/revisions"}],"predecessor-version":[{"id":284,"href":"https:\/\/ezahalkova-vyuka-anglictiny.cz\/index.php?rest_route=\/wp\/v2\/pages\/18\/revisions\/284"}],"wp:attachment":[{"href":"https:\/\/ezahalkova-vyuka-anglictiny.cz\/index.php?rest_route=%2Fwp%2Fv2%2Fmedia&parent=18"}],"curies":[{"name":"wp","href":"https:\/\/api.w.org\/{rel}","templated":true}]}}